{"id":2114,"date":"2023-09-09T20:20:28","date_gmt":"2023-09-09T18:20:28","guid":{"rendered":"https:\/\/michaelamiart.com\/?page_id=2114"},"modified":"2023-12-04T20:23:34","modified_gmt":"2023-12-04T19:23:34","slug":"zasady-ochrany-osobnich-udaju","status":"publish","type":"page","link":"https:\/\/michaelamiart.com\/en\/zasady-ochrany-osobnich-udaju\/","title":{"rendered":"Privacy policy"},"content":{"rendered":"<div data-elementor-type=\"wp-page\" data-elementor-id=\"2114\" class=\"elementor elementor-2114\">\n\t\t\t\t\t\t<section class=\"elementor-section elementor-top-section elementor-element elementor-element-80bf365 elementor-section-boxed elementor-section-height-default elementor-section-height-default\" data-id=\"80bf365\" data-element_type=\"section\" data-e-type=\"section\">\n\t\t\t\t\t\t<div class=\"elementor-container elementor-column-gap-default\">\n\t\t\t\t\t<div class=\"elementor-column elementor-col-100 elementor-top-column elementor-element elementor-element-82fec55\" data-id=\"82fec55\" data-element_type=\"column\" data-e-type=\"column\">\n\t\t\t<div class=\"elementor-widget-wrap elementor-element-populated\">\n\t\t\t\t\t\t<div class=\"elementor-element elementor-element-f2abe3a elementor-widget elementor-widget-text-editor\" data-id=\"f2abe3a\" data-element_type=\"widget\" data-e-type=\"widget\" data-widget_type=\"text-editor.default\">\n\t\t\t\t<div class=\"elementor-widget-container\">\n\t\t\t\t\t\t\t\t\t<p style=\"text-align: center;\"><strong>Privacy policy<\/strong><\/p><p>Spr\u00e1vcem osobn\u00edch \u00fadaj\u016f podle \u010dl. 4 bod 7 na\u0159\u00edzen\u00ed Evropsk\u00e9ho parlamentu a Rady (EU) 2016\/679 o ochran\u011b fyzick\u00fdch osob v souvislosti se zpracov\u00e1n\u00edm osobn\u00edch \u00fadaj\u016f a o voln\u00e9m pohybu t\u011bchto \u00fadaj\u016f (d\u00e1le jen: \u201eGDPR\u201d) je Michaela Hub\u00e1\u010dkov\u00e1, se s\u00eddlem \u010d. p. 27, 763 15 Hrobice, e-mail: michaelamiart@gmail.com, tel. +420739667216 provozuj\u00edc\u00ed webov\u00e9 str\u00e1nky na adrese www.michaelamiart.com.<\/p><p>Pro poskytov\u00e1n\u00ed m\u00fdch slu\u017eeb, prodej zbo\u017e\u00ed a provoz m\u00fdch webov\u00fdch str\u00e1nek zpracov\u00e1v\u00e1m n\u011bkter\u00e9 osobn\u00ed \u00fadaje.<\/p><p><strong>Zdroje zpracov\u00e1n\u00ed osobn\u00edch \u00fadaj\u016f<\/strong><\/p><p>Zpracov\u00e1v\u00e1m osobn\u00ed \u00fadaje, kter\u00e9 jste mi poskytli nebo osobn\u00ed \u00fadaje, kter\u00e9 jsem z\u00edskala na z\u00e1klad\u011b pln\u011bn\u00ed Va\u0161\u00ed objedn\u00e1vky.<\/p><p>Zpracov\u00e1v\u00e1m Va\u0161e identifika\u010dn\u00ed a kontaktn\u00ed \u00fadaje a \u00fadaje nezbytn\u00e9 pro pln\u011bn\u00ed smlouvy (jm\u00e9no a p\u0159\u00edjmen\u00ed, faktura\u010dn\u00ed a doru\u010dovac\u00ed adresa, e-mail, telefonn\u00ed \u010d\u00edslo, \u010d\u00edslo bankovn\u00edho \u00fa\u010dtu, objednan\u00e9 zbo\u017e\u00ed a jeho cena).<\/p><p><strong>Z\u00e1konn\u00fd d\u016fvod a \u00fa\u010del zpracov\u00e1n\u00ed osobn\u00edch \u00fadaj\u016f<\/strong><\/p><p>Z\u00e1konn\u00fdm d\u016fvodem zpracov\u00e1n\u00ed osobn\u00edch \u00fadaj\u016f je:<\/p><ul><li>pln\u011bn\u00ed smlouvy mezi V\u00e1mi a mnou podle \u010dl. 6 odst. 1 p\u00edsm. b) GDPR,<\/li><li>m\u016fj opr\u00e1vn\u011bn\u00fd z\u00e1jem na poskytov\u00e1n\u00ed p\u0159\u00edm\u00e9ho marketingu (zejm\u00e9na pro zas\u00edl\u00e1n\u00ed obchodn\u00edch sd\u011blen\u00ed a newsletter\u016f) podle \u010dl. 6 odst. 1 p\u00edsm. f) GDPR,<\/li><li>V\u00e1\u0161 souhlas se zpracov\u00e1n\u00edm pro \u00fa\u010dely poskytov\u00e1n\u00ed p\u0159\u00edm\u00e9ho marketingu (zejm\u00e9na pro zas\u00edl\u00e1n\u00ed obchodn\u00edch sd\u011blen\u00ed a newsletter\u016f) podle \u010dl. 6 odst. 1 p\u00edsm. a) GDPR ve spojen\u00ed s \u00a7 7 odst. 2 z\u00e1kona \u010d. 480\/2004 Sb., o n\u011bkter\u00fdch slu\u017eb\u00e1ch informa\u010dn\u00ed spole\u010dnosti v p\u0159\u00edpad\u011b, \u017ee nedo\u0161lo k objedn\u00e1vce zbo\u017e\u00ed nebo slu\u017eby.<\/li><\/ul><p>\u00da\u010delem zpracov\u00e1n\u00ed osobn\u00edch \u00fadaj\u016f je:<\/p><ul><li>vy\u0159\u00edzen\u00ed Va\u0161\u00ed objedn\u00e1vky a v\u00fdkon pr\u00e1v a povinnost\u00ed vypl\u00fdvaj\u00edc\u00edch ze smluvn\u00edho vztahu mezi V\u00e1mi a mnou; p\u0159i objedn\u00e1vce jsou vy\u017eadov\u00e1ny osobn\u00ed \u00fadaje, kter\u00e9 jsou nutn\u00e9 pro \u00fasp\u011b\u0161n\u00e9 vy\u0159\u00edzen\u00ed objedn\u00e1vky (jm\u00e9no a adresa, kontakt), poskytnut\u00ed osobn\u00edch \u00fadaj\u016f je nutn\u00fdm po\u017eadavkem pro uzav\u0159en\u00ed a pln\u011bn\u00ed smlouvy, bez poskytnut\u00ed osobn\u00edch \u00fadaj\u016f nen\u00ed mo\u017en\u00e9 smlouvu uzav\u0159\u00edt \u010di ji z m\u00e9 strany plnit,<\/li><li>zas\u00edl\u00e1n\u00ed obchodn\u00edch sd\u011blen\u00ed a \u010din\u011bn\u00ed dal\u0161\u00edch marketingov\u00fdch aktivit.<\/li><\/ul><p><strong>Doba uchov\u00e1n\u00ed osobn\u00edch \u00fadaj\u016f<\/strong><\/p><ul><li>po dobu nezbytnou k v\u00fdkonu pr\u00e1v a povinnost\u00ed vypl\u00fdvaj\u00edc\u00edch ze smluvn\u00edho vztahu mezi V\u00e1mi a mnou a uplat\u0148ov\u00e1n\u00ed n\u00e1rok\u016f z t\u011bchto smluvn\u00edch vztah\u016f (nejd\u00e9le po dobu 10 let od ukon\u010den\u00ed smluvn\u00edho vztahu),<\/li><li>po dobu, ne\u017e je odvol\u00e1n souhlas se zpracov\u00e1n\u00edm osobn\u00edch \u00fadaj\u016f pro \u00fa\u010dely marketingu, nejd\u00e9le 10 let, jsou-li osobn\u00ed \u00fadaje zpracov\u00e1v\u00e1ny na z\u00e1klad\u011b souhlasu.<\/li><\/ul><p><strong>P\u0159\u00edjemci osobn\u00edch \u00fadaj\u016f<\/strong><\/p><p>P\u0159\u00edjemci osobn\u00edch \u00fadaj\u016f jsou osoby:<\/p><ul><li>pod\u00edlej\u00edc\u00ed se na dod\u00e1n\u00ed zbo\u017e\u00ed \/ slu\u017eeb \/ realizaci plateb na z\u00e1klad\u011b smlouvy,<\/li><li>pod\u00edlej\u00edc\u00ed se na zaji\u0161t\u011bn\u00ed provozu slu\u017eeb,<\/li><li>zaji\u0161\u0165uj\u00edc\u00ed marketingov\u00e9 slu\u017eby.<\/li><\/ul><p><strong>Va\u0161e pr\u00e1va v souvislosti se zpracov\u00e1n\u00edm osobn\u00edch \u00fadaj\u016f<\/strong><\/p><p>Za podm\u00ednek stanoven\u00fdch v GDPR m\u00e1te:<\/p><ul><li>pr\u00e1vo na p\u0159\u00edstup ke sv\u00fdm osobn\u00edm \u00fadaj\u016fm dle \u010dl. 15 GDPR,<\/li><li>pr\u00e1vo opravu osobn\u00edch \u00fadaj\u016f dle \u010dl. 16 GDPR, pop\u0159\u00edpad\u011b omezen\u00ed zpracov\u00e1n\u00ed dle \u010dl. 18 GDPR.<\/li><li>pr\u00e1vo na v\u00fdmaz osobn\u00edch \u00fadaj\u016f dle \u010dl. 17 GDPR,<\/li><li>pr\u00e1vo vzn\u00e9st n\u00e1mitku proti zpracov\u00e1n\u00ed dle \u010dl. 21 GDPR,<\/li><li>pr\u00e1vo na p\u0159enositelnost \u00fadaj\u016f dle \u010dl. 20 GDPR,<\/li><li>pr\u00e1vo odvolat souhlas se zpracov\u00e1n\u00edm osobn\u00edch \u00fadaj\u016f.<\/li><\/ul><p><strong>Podm\u00ednky zabezpe\u010den\u00ed osobn\u00edch \u00fadaj\u016f<\/strong><\/p><p>Prohla\u0161uji, \u017ee jsem p\u0159ijala ve\u0161ker\u00e1 vhodn\u00e1 technick\u00e1 a organiza\u010dn\u00ed opat\u0159en\u00ed k zabezpe\u010den\u00ed osobn\u00edch \u00fadaj\u016f, technick\u00e1 opat\u0159en\u00ed k zabezpe\u010den\u00ed datov\u00fdch \u00falo\u017ei\u0161\u0165 a \u017ee k osobn\u00edm \u00fadaj\u016fm maj\u00ed p\u0159\u00edstup pouze mnou pov\u011b\u0159en\u00e9 osoby.<\/p><p><strong>Z\u00e1v\u011bre\u010dn\u00e1 ustanoven\u00ed<\/strong><\/p><p>Odesl\u00e1n\u00edm objedn\u00e1vky z e-shopu potvrzujete, \u017ee jste sezn\u00e1meni s t\u011bmito Podm\u00ednkami ochrany osobn\u00edch \u00fadaj\u016f a \u017ee je v cel\u00e9m rozsahu p\u0159ij\u00edm\u00e1te. S t\u011bmito podm\u00ednkami souhlas\u00edte za\u0161krtnut\u00edm souhlasu prost\u0159ednictv\u00edm internetov\u00e9ho formul\u00e1\u0159e. Za\u0161krtnut\u00edm souhlasu potvrzujete, \u017ee jste sezn\u00e1meni s podm\u00ednkami ochrany osobn\u00edch \u00fadaj\u016f a \u017ee je v cel\u00e9m rozsahu p\u0159ij\u00edm\u00e1te.<\/p><p>Tyto podm\u00ednky jsem opr\u00e1vn\u011bna zm\u011bnit. Novou verzi podm\u00ednek ochrany osobn\u00edch \u00fadaj\u016f zve\u0159ejn\u00edm na str\u00e1nk\u00e1ch tohoto e-shopu.<\/p><p>Tyto podm\u00ednky jsou \u00fa\u010dinn\u00e9 od 4. 12. 2023<\/p><p>\u00a0<\/p>\t\t\t\t\t\t\t\t<\/div>\n\t\t\t\t<\/div>\n\t\t\t\t\t<\/div>\n\t\t<\/div>\n\t\t\t\t\t<\/div>\n\t\t<\/section>\n\t\t\t\t<\/div>","protected":false},"excerpt":{"rendered":"<p>Z\u00e1sady ochrany osobn\u00edch \u00fadaj\u016f Spr\u00e1vcem osobn\u00edch \u00fadaj\u016f podle \u010dl. 4 bod 7 na\u0159\u00edzen\u00ed Evropsk\u00e9ho parlamentu a Rady (EU) 2016\/679 o ochran\u011b fyzick\u00fdch osob v souvislosti se zpracov\u00e1n\u00edm osobn\u00edch \u00fadaj\u016f a o voln\u00e9m pohybu t\u011bchto \u00fadaj\u016f (d\u00e1le jen: \u201eGDPR\u201d) je Michaela Hub\u00e1\u010dkov\u00e1, se s\u00eddlem \u010d. p. 27, 763 15 Hrobice, e-mail: michaelamiart@gmail.com, tel. +420739667216 provozuj\u00edc\u00ed webov\u00e9 [&hellip;]<\/p>\n","protected":false},"author":1,"featured_media":0,"parent":0,"menu_order":0,"comment_status":"closed","ping_status":"closed","template":"","meta":{"footnotes":""},"class_list":["post-2114","page","type-page","status-publish","hentry"],"blocksy_meta":[],"_links":{"self":[{"href":"https:\/\/michaelamiart.com\/en\/wp-json\/wp\/v2\/pages\/2114","targetHints":{"allow":["GET"]}}],"collection":[{"href":"https:\/\/michaelamiart.com\/en\/wp-json\/wp\/v2\/pages"}],"about":[{"href":"https:\/\/michaelamiart.com\/en\/wp-json\/wp\/v2\/types\/page"}],"author":[{"embeddable":true,"href":"https:\/\/michaelamiart.com\/en\/wp-json\/wp\/v2\/users\/1"}],"replies":[{"embeddable":true,"href":"https:\/\/michaelamiart.com\/en\/wp-json\/wp\/v2\/comments?post=2114"}],"version-history":[{"count":16,"href":"https:\/\/michaelamiart.com\/en\/wp-json\/wp\/v2\/pages\/2114\/revisions"}],"predecessor-version":[{"id":4125,"href":"https:\/\/michaelamiart.com\/en\/wp-json\/wp\/v2\/pages\/2114\/revisions\/4125"}],"wp:attachment":[{"href":"https:\/\/michaelamiart.com\/en\/wp-json\/wp\/v2\/media?parent=2114"}],"curies":[{"name":"wp","href":"https:\/\/api.w.org\/{rel}","templated":true}]}}