{"id":4088,"date":"2023-12-03T20:01:30","date_gmt":"2023-12-03T19:01:30","guid":{"rendered":"https:\/\/michaelamiart.com\/?page_id=4088"},"modified":"2024-10-05T08:32:43","modified_gmt":"2024-10-05T06:32:43","slug":"informace-o-nakupu-a-preprave","status":"publish","type":"page","link":"https:\/\/michaelamiart.com\/en\/informace-o-nakupu-a-preprave\/","title":{"rendered":"Shipping and delivery information"},"content":{"rendered":"<div data-elementor-type=\"wp-page\" data-elementor-id=\"4088\" class=\"elementor elementor-4088\">\n\t\t\t\t\t\t<section class=\"elementor-section elementor-top-section elementor-element elementor-element-4143a00 elementor-section-boxed elementor-section-height-default elementor-section-height-default\" data-id=\"4143a00\" data-element_type=\"section\" data-e-type=\"section\">\n\t\t\t\t\t\t<div class=\"elementor-container elementor-column-gap-default\">\n\t\t\t\t\t<div class=\"elementor-column elementor-col-100 elementor-top-column elementor-element elementor-element-9c6cfaf\" data-id=\"9c6cfaf\" data-element_type=\"column\" data-e-type=\"column\">\n\t\t\t<div class=\"elementor-widget-wrap elementor-element-populated\">\n\t\t\t\t\t\t<div class=\"elementor-element elementor-element-0950fbb elementor-widget elementor-widget-text-editor\" data-id=\"0950fbb\" data-element_type=\"widget\" data-e-type=\"widget\" data-widget_type=\"text-editor.default\">\n\t\t\t\t<div class=\"elementor-widget-container\">\n\t\t\t\t\t\t\t\t\t<p style=\"line-height: normal; background-image: initial; background-position: initial; background-size: initial; background-repeat: initial; background-attachment: initial; background-origin: initial; background-clip: initial;\"><a><b><span lang=\"cs\" style=\"font-size: 14.0pt; font-family: 'Times New Roman',serif; color: black; mso-color-alt: windowtext;\">WHERE CAN BE DELIVERED AND DELIVERY TIME<\/span><\/b><\/a><b><\/b><\/p><p style=\"line-height: normal; background-image: initial; background-position: initial; background-size: initial; background-repeat: initial; background-attachment: initial; background-origin: initial; background-clip: initial;\"><span style=\"background-color: inherit; font-style: var(--theme-font-style, inherit); font-weight: var(--theme-font-weight); letter-spacing: var(--theme-letter-spacing); text-transform: var(--theme-text-transform); font-family: 'Times New Roman', serif; font-size: 12pt; text-align: justify;\">Zbo\u017e\u00ed je mo\u017en\u00e9 doru\u010dit v r\u00e1mci \u010cesk\u00e9 republiky a Slovensk\u00e9 republiky.<\/span><\/p><p style=\"text-align: justify; line-height: normal; background-image: initial; background-position: initial; background-size: initial; background-repeat: initial; background-attachment: initial; background-origin: initial; background-clip: initial;\"><span style=\"font-family: 'Times New Roman', serif; font-size: 16px; background-color: inherit; font-style: var(--theme-font-style, inherit); font-weight: var(--theme-font-weight); letter-spacing: var(--theme-letter-spacing); text-transform: var(--theme-text-transform);\">The goods will be shipped within 1 week after receiving the payment.<\/span><span style=\"font-family: 'Times New Roman', serif; font-size: 16px; background-color: inherit; font-style: var(--theme-font-style, inherit); font-weight: var(--theme-font-weight); letter-spacing: var(--theme-letter-spacing); text-transform: var(--theme-text-transform);\">\u00a0<\/span><span style=\"background-color: inherit; font-family: 'Times New Roman', serif; font-size: 12pt; font-style: var(--theme-font-style, inherit); font-weight: var(--theme-font-weight); letter-spacing: var(--theme-letter-spacing); text-transform: var(--theme-text-transform);\">Jakmile bude zbo\u017e\u00ed odesl\u00e1no, obdr\u017e\u00edte e-mail s informacemi o sledov\u00e1n\u00ed z\u00e1silky. V p\u0159\u00edpad\u011b osobn\u00edho odb\u011bru V\u00e1s ohledn\u011b dohodnut\u00ed term\u00ednu vyzvednut\u00ed budu kontaktovat prost\u0159ednictv\u00edm e-mailu.<\/span><b><\/b><\/p><p style=\"text-align: justify; line-height: normal; background-image: initial; background-position: initial; background-size: initial; background-repeat: initial; background-attachment: initial; background-origin: initial; background-clip: initial;\"><span lang=\"cs\" style=\"font-size: 12.0pt; font-family: 'Times New Roman',serif; color: black; mso-color-alt: windowtext;\">Within the Czech Republic and Slovakia, the goods will be delivered by Toptrans or Czech Post.<\/span><span lang=\"cs\" style=\"font-size: 12.0pt; font-family: 'Times New Roman',serif;\">\u00a0<\/span><\/p><p style=\"text-align: justify; line-height: normal; background-image: initial; background-position: initial; background-size: initial; background-repeat: initial; background-attachment: initial; background-origin: initial; background-clip: initial;\"><span lang=\"cs\" style=\"font-size: 12.0pt; font-family: 'Times New Roman',serif; color: black; mso-color-alt: windowtext;\">Osobn\u00ed p\u0159ed\u00e1n\u00ed je mo\u017en\u00e9 ve Zl\u00edn\u011b, v p\u0159\u00edpad\u011b t\u00e9to volby V\u00e1s budu n\u00e1sledn\u011b po obdr\u017een\u00ed objedn\u00e1vky kontaktovat e-mailem.<\/span><\/p><p style=\"text-align: justify; line-height: normal; background-image: initial; background-position: initial; background-size: initial; background-repeat: initial; background-attachment: initial; background-origin: initial; background-clip: initial;\"><b style=\"font-family: inherit; font-size: inherit; font-style: inherit; font-variant-ligatures: inherit; font-variant-caps: inherit; background-color: inherit; letter-spacing: var(--theme-letter-spacing); text-transform: var(--theme-text-transform);\"><span lang=\"cs\" style=\"font-size: 14pt; font-family: 'Times New Roman', serif;\">SHIPPING COSTS<\/span><\/b><\/p><p style=\"line-height: normal; background-image: initial; background-position: initial; background-size: initial; background-repeat: initial; background-attachment: initial; background-origin: initial; background-clip: initial;\"><span lang=\"cs\" style=\"font-size: 12.0pt; font-family: 'Times New Roman',serif; color: black; mso-color-alt: windowtext;\">You can find out the shipping cost on the cart or checkout page after choosing the country of delivery.<\/span><\/p><p style=\"line-height: normal; background-image: initial; background-position: initial; background-size: initial; background-repeat: initial; background-attachment: initial; background-origin: initial; background-clip: initial;\"><b><span lang=\"cs\" style=\"font-size: 12.0pt; font-family: 'Times New Roman',serif; mso-fareast-font-family: 'Times New Roman'; mso-fareast-theme-font: minor-fareast; color: black; mso-color-alt: windowtext;\">Shipping price in case of multiple pieces<\/span><\/b><b><\/b><\/p><p style=\"text-align: justify; line-height: normal; background-image: initial; background-position: initial; background-size: initial; background-repeat: initial; background-attachment: initial; background-origin: initial; background-clip: initial;\"><span lang=\"cs\" style=\"font-size: 12.0pt; font-family: 'Times New Roman',serif; color: black; mso-color-alt: windowtext;\">V p\u0159\u00edpad\u011b objedn\u00e1vky v\u011bt\u0161\u00edho mno\u017estv\u00ed kus\u016f zbo\u017e\u00ed (zejm\u00e9na v\u011bt\u0161\u00edch obraz\u016f) mohou vzniknout vy\u0161\u0161\u00ed n\u00e1klady za p\u0159epravu ne\u017e jsou uvedeny na str\u00e1nce n\u00e1kupn\u00edho ko\u0161\u00edku a pokladny. Je to z toho d\u016fvodu, \u017ee p\u0159epravn\u00ed n\u00e1klady v\u00edce kus\u016f zbo\u017e\u00ed z\u00e1vis\u00ed na kombinaci velikost\u00ed objednan\u00fdch obraz\u016f, jejich po\u010dtu a zemi dod\u00e1n\u00ed, proto mus\u00ed b\u00fdt stanoveny individu\u00e1ln\u011b. V takov\u00e9m p\u0159\u00edpad\u011b bude na z\u00e1klad\u011b Va\u0161\u00ed objedn\u00e1vky provedena kalkulace p\u0159epravn\u00edch n\u00e1klad\u016f. Pokud budou p\u0159epravn\u00ed n\u00e1klady vy\u0161\u0161\u00ed, o t\u00e9to skute\u010dnosti budete v\u017edy informov\u00e1ni e\u2011mailem, ve kter\u00e9m budete po\u017e\u00e1d\u00e1ni o uhrazen\u00ed zb\u00fdvaj\u00edc\u00edch n\u00e1klad\u016f za p\u0159epravu. Za \u00fa\u010delem zji\u0161t\u011bn\u00ed p\u0159edpokl\u00e1dan\u00fdch p\u0159epravn\u00edch n\u00e1klad\u016f m\u011b m\u016f\u017eete kontaktovat na <a href=\"mailto:michaelamiart@gmail.com\"><span style=\"color: black;\">michaelamiart@gmail.com<\/span><\/a>.<\/span><\/p><p style=\"text-align: justify; line-height: normal; background-image: initial; background-position: initial; background-size: initial; background-repeat: initial; background-attachment: initial; background-origin: initial; background-clip: initial;\"><b><span lang=\"cs\" style=\"font-size: 14.0pt; font-family: 'Times New Roman',serif; mso-fareast-font-family: 'Times New Roman'; mso-fareast-theme-font: minor-fareast; color: black; mso-color-alt: windowtext;\">COPYRIGHT STATEMENT<\/span><\/b><b><\/b><\/p><p style=\"text-align: justify; line-height: normal; background-image: initial; background-position: initial; background-size: initial; background-repeat: initial; background-attachment: initial; background-origin: initial; background-clip: initial;\"><span lang=\"cs\" style=\"font-size: 12.0pt; font-family: 'Times New Roman',serif; mso-fareast-font-family: 'Times New Roman'; mso-fareast-theme-font: minor-fareast; color: black; mso-color-alt: windowtext;\">All artwork is my sole property and I own and hold a full copyright to everything shared and sold (now or in the future). The collector may not reproduce the artwork without written permission. I retain all rights to purchased artwork, including commissions. I retain the right to make reproductions of all artwork I create.<\/span><\/p><p style=\"text-align: justify; line-height: normal; background-image: initial; background-position: initial; background-size: initial; background-repeat: initial; background-attachment: initial; background-origin: initial; background-clip: initial;\"><span lang=\"cs\" style=\"font-size: 12.0pt; font-family: 'Times New Roman',serif; mso-fareast-font-family: 'Times New Roman'; mso-fareast-theme-font: minor-fareast; color: black; mso-color-alt: windowtext;\">The images, artwork and content of this e-shop may not be copied or used without my written permission.<\/span><span style=\"font-family: 'Times New Roman', serif; font-size: 12pt; font-style: inherit; font-variant-ligatures: inherit; font-variant-caps: inherit; font-weight: inherit; background-color: inherit; letter-spacing: var(--theme-letter-spacing); text-transform: var(--theme-text-transform);\">V p\u0159\u00edpad\u011b osobn\u00edho odb\u011bru V\u00e1s ohledn\u011b dohodnut\u00ed term\u00ednu vyzvednut\u00ed budu kontaktovat rovn\u011b\u017e prost\u0159ednictv\u00edm e-mailu.<\/span><\/p><p class=\"MsoNormal\" style=\"mso-margin-top-alt: auto; mso-margin-bottom-alt: auto; text-align: justify; line-height: normal;\">\u00a0<\/p>\t\t\t\t\t\t\t\t<\/div>\n\t\t\t\t<\/div>\n\t\t\t\t\t<\/div>\n\t\t<\/div>\n\t\t\t\t\t<\/div>\n\t\t<\/section>\n\t\t\t\t<\/div>","protected":false},"excerpt":{"rendered":"<p>KAM JE MO\u017dN\u00c9 ZBO\u017d\u00cd DORU\u010cIT A DOBA DOD\u00c1N\u00cd Zbo\u017e\u00ed je mo\u017en\u00e9 doru\u010dit v r\u00e1mci \u010cesk\u00e9 republiky a Slovensk\u00e9 republiky. Zbo\u017e\u00ed bude odesl\u00e1no do 1 t\u00fddne od obdr\u017een\u00ed platby.\u00a0Jakmile bude zbo\u017e\u00ed odesl\u00e1no, obdr\u017e\u00edte e-mail s informacemi o sledov\u00e1n\u00ed z\u00e1silky. V p\u0159\u00edpad\u011b osobn\u00edho odb\u011bru V\u00e1s ohledn\u011b dohodnut\u00ed term\u00ednu vyzvednut\u00ed budu kontaktovat prost\u0159ednictv\u00edm e-mailu. V r\u00e1mci \u010cesk\u00e9 a [&hellip;]<\/p>\n","protected":false},"author":1,"featured_media":0,"parent":0,"menu_order":0,"comment_status":"closed","ping_status":"closed","template":"","meta":{"footnotes":""},"class_list":["post-4088","page","type-page","status-publish","hentry"],"blocksy_meta":[],"_links":{"self":[{"href":"https:\/\/michaelamiart.com\/en\/wp-json\/wp\/v2\/pages\/4088","targetHints":{"allow":["GET"]}}],"collection":[{"href":"https:\/\/michaelamiart.com\/en\/wp-json\/wp\/v2\/pages"}],"about":[{"href":"https:\/\/michaelamiart.com\/en\/wp-json\/wp\/v2\/types\/page"}],"author":[{"embeddable":true,"href":"https:\/\/michaelamiart.com\/en\/wp-json\/wp\/v2\/users\/1"}],"replies":[{"embeddable":true,"href":"https:\/\/michaelamiart.com\/en\/wp-json\/wp\/v2\/comments?post=4088"}],"version-history":[{"count":40,"href":"https:\/\/michaelamiart.com\/en\/wp-json\/wp\/v2\/pages\/4088\/revisions"}],"predecessor-version":[{"id":4430,"href":"https:\/\/michaelamiart.com\/en\/wp-json\/wp\/v2\/pages\/4088\/revisions\/4430"}],"wp:attachment":[{"href":"https:\/\/michaelamiart.com\/en\/wp-json\/wp\/v2\/media?parent=4088"}],"curies":[{"name":"wp","href":"https:\/\/api.w.org\/{rel}","templated":true}]}}