{"id":4115,"date":"2023-12-04T19:34:06","date_gmt":"2023-12-04T18:34:06","guid":{"rendered":"https:\/\/michaelamiart.com\/?page_id=4115"},"modified":"2023-12-04T19:36:29","modified_gmt":"2023-12-04T18:36:29","slug":"soubory-cookies","status":"publish","type":"page","link":"https:\/\/michaelamiart.com\/en\/soubory-cookies\/","title":{"rendered":"Cookies policy"},"content":{"rendered":"<div data-elementor-type=\"wp-page\" data-elementor-id=\"4115\" class=\"elementor elementor-4115\">\n\t\t\t\t\t\t<section class=\"elementor-section elementor-top-section elementor-element elementor-element-5fd25ae elementor-section-boxed elementor-section-height-default elementor-section-height-default\" data-id=\"5fd25ae\" data-element_type=\"section\" data-e-type=\"section\">\n\t\t\t\t\t\t<div class=\"elementor-container elementor-column-gap-default\">\n\t\t\t\t\t<div class=\"elementor-column elementor-col-100 elementor-top-column elementor-element elementor-element-1bcd12a\" data-id=\"1bcd12a\" data-element_type=\"column\" data-e-type=\"column\">\n\t\t\t<div class=\"elementor-widget-wrap elementor-element-populated\">\n\t\t\t\t\t\t<div class=\"elementor-element elementor-element-fab6ade elementor-widget elementor-widget-text-editor\" data-id=\"fab6ade\" data-element_type=\"widget\" data-e-type=\"widget\" data-widget_type=\"text-editor.default\">\n\t\t\t\t<div class=\"elementor-widget-container\">\n\t\t\t\t\t\t\t\t\t<p class=\"MsoNormal\" style=\"margin-bottom: 10.0pt; text-align: justify; line-height: 125%;\"><b><span style=\"font-size: 12.0pt; line-height: 125%; font-family: 'Times New Roman',serif;\">What are cookies? <\/span><\/b><\/p><p class=\"MsoNormal\" style=\"margin-bottom: 10.0pt; text-align: justify; line-height: 125%;\"><span style=\"font-size: 12.0pt; line-height: 125%; font-family: 'Times New Roman',serif;\">Cookies are small text files that are used to store small pieces of information. They are stored on your device when the website is loaded on your browser. These cookies help us make the website function properly, make it more secure, provide better user experience, and understand how the website performs and to analyze what works and where it needs improvement.<\/span><\/p><p class=\"MsoNormal\" style=\"margin-bottom: 10.0pt; text-align: justify; line-height: 125%;\"><b><span style=\"font-size: 12.0pt; line-height: 125%; font-family: 'Times New Roman',serif;\">How do we use cookies?<\/span><\/b><\/p><p class=\"MsoNormal\" style=\"margin-bottom: 10.0pt; text-align: justify; line-height: 125%;\"><span style=\"font-size: 12.0pt; line-height: 125%; font-family: 'Times New Roman',serif;\">As most of the online services, our website uses first-party and third-party cookies for several purposes. First-party cookies are mostly necessary for the website to function the right way, and they do not collect any of your personally identifiable data.<\/span><\/p><p class=\"MsoNormal\" style=\"margin-bottom: 10.0pt; text-align: justify; line-height: 125%;\"><span style=\"font-size: 12.0pt; line-height: 125%; font-family: 'Times New Roman',serif;\">The third-party cookies used on our website are mainly for understanding how the website performs, how you interact with our website, keeping our services secure, providing advertisements that are relevant to you, and all in all providing you with a better and improved user experience and help speed up your future interactions with our website.<\/span><\/p><p class=\"MsoNormal\" style=\"margin-bottom: 10.0pt; text-align: justify; line-height: 125%;\"><b><span style=\"font-size: 12.0pt; line-height: 125%; font-family: 'Times New Roman',serif;\">What cookies we use?<\/span><\/b><\/p><p class=\"MsoNormal\" style=\"text-align: justify; line-height: 125%;\"><b><span style=\"font-size: 12.0pt; line-height: 125%; font-family: 'Times New Roman',serif;\">Necessary cookies<\/span><\/b><span style=\"font-size: 12.0pt; line-height: 125%; font-family: 'Times New Roman',serif;\"> are required to enable the basic features of this site, such as providing secure log-in or adjusting your consent preferences. These cookies do not store any personally identifiable data.<\/span><\/p><p class=\"MsoNormal\" style=\"text-align: justify; line-height: 125%;\"><b><span style=\"font-size: 12.0pt; line-height: 125%; font-family: 'Times New Roman',serif;\">Functional cookies<\/span><\/b><span style=\"font-size: 12.0pt; line-height: 125%; font-family: 'Times New Roman',serif;\"> help perform certain functionalities like sharing the content of the website on social media platforms, collecting feedback, and other third-party features.<\/span><\/p><p class=\"MsoNormal\" style=\"text-align: justify; line-height: 125%;\"><b><span style=\"font-size: 12.0pt; line-height: 125%; font-family: 'Times New Roman',serif;\">Analytical cookies<\/span><\/b><span style=\"font-size: 12.0pt; line-height: 125%; font-family: 'Times New Roman',serif;\"> are used to understand how visitors interact with the website. These cookies help provide information on metrics such as the number of visitors, bounce rate, traffic source, etc.<\/span><\/p><p class=\"MsoNormal\" style=\"text-align: justify; line-height: 125%;\"><b><span style=\"font-size: 12.0pt; line-height: 125%; font-family: 'Times New Roman',serif;\">Performance cookies<\/span><\/b><span style=\"font-size: 12.0pt; line-height: 125%; font-family: 'Times New Roman',serif;\"> are used to understand and analyze the key performance indexes of the website which helps in delivering a better user experience for the visitors.<\/span><\/p><p class=\"MsoNormal\" style=\"text-align: justify; line-height: 125%;\"><b><span style=\"font-size: 12.0pt; line-height: 125%; font-family: 'Times New Roman',serif;\">Advertisement cookies<\/span><\/b><span style=\"font-size: 12.0pt; line-height: 125%; font-family: 'Times New Roman',serif;\"> are used to provide visitors with customized advertisements based on the pages you visited previously and to analyze the effectiveness of the ad campaigns.<\/span><\/p>\t\t\t\t\t\t\t\t<\/div>\n\t\t\t\t<\/div>\n\t\t\t\t\t<\/div>\n\t\t<\/div>\n\t\t\t\t\t<\/div>\n\t\t<\/section>\n\t\t\t\t<\/div>","protected":false},"excerpt":{"rendered":"<p>Co jsou cookies? Soubory cookie jsou mal\u00e9 textov\u00e9 soubory, kter\u00e9 slou\u017e\u00ed k ukl\u00e1d\u00e1n\u00ed mal\u00fdch informac\u00ed. Ukl\u00e1daj\u00ed se do va\u0161eho za\u0159\u00edzen\u00ed p\u0159i na\u010dten\u00ed webov\u00e9 str\u00e1nky v prohl\u00ed\u017ee\u010di. Tyto soubory cookie n\u00e1m pom\u00e1haj\u00ed zajistit spr\u00e1vn\u00e9 fungov\u00e1n\u00ed webov\u00fdch str\u00e1nek, zv\u00fd\u0161it jejich bezpe\u010dnost, poskytnout lep\u0161\u00ed u\u017eivatelsk\u00fd komfort a pochopit, jak webov\u00e9 str\u00e1nky funguj\u00ed, a analyzovat, co funguje a\u00a0kde je [&hellip;]<\/p>\n","protected":false},"author":1,"featured_media":0,"parent":0,"menu_order":0,"comment_status":"closed","ping_status":"closed","template":"","meta":{"footnotes":""},"class_list":["post-4115","page","type-page","status-publish","hentry"],"blocksy_meta":[],"_links":{"self":[{"href":"https:\/\/michaelamiart.com\/en\/wp-json\/wp\/v2\/pages\/4115","targetHints":{"allow":["GET"]}}],"collection":[{"href":"https:\/\/michaelamiart.com\/en\/wp-json\/wp\/v2\/pages"}],"about":[{"href":"https:\/\/michaelamiart.com\/en\/wp-json\/wp\/v2\/types\/page"}],"author":[{"embeddable":true,"href":"https:\/\/michaelamiart.com\/en\/wp-json\/wp\/v2\/users\/1"}],"replies":[{"embeddable":true,"href":"https:\/\/michaelamiart.com\/en\/wp-json\/wp\/v2\/comments?post=4115"}],"version-history":[{"count":4,"href":"https:\/\/michaelamiart.com\/en\/wp-json\/wp\/v2\/pages\/4115\/revisions"}],"predecessor-version":[{"id":4119,"href":"https:\/\/michaelamiart.com\/en\/wp-json\/wp\/v2\/pages\/4115\/revisions\/4119"}],"wp:attachment":[{"href":"https:\/\/michaelamiart.com\/en\/wp-json\/wp\/v2\/media?parent=4115"}],"curies":[{"name":"wp","href":"https:\/\/api.w.org\/{rel}","templated":true}]}}