{"id":3570,"date":"2023-11-16T12:33:02","date_gmt":"2023-11-16T11:33:02","guid":{"rendered":"https:\/\/michaelamiart.com\/?post_type=product&#038;p=3570"},"modified":"2025-02-11T20:57:34","modified_gmt":"2025-02-11T19:57:34","slug":"forgotten-island","status":"publish","type":"product","link":"https:\/\/michaelamiart.com\/en\/product\/forgotten-island\/","title":{"rendered":"Forgotten Island"},"content":{"rendered":"<p>Framed in a wooden floating frame painted white (included in the price).<\/p>\n<p>Signed, titled and dated by the artist on the back.<\/p>\n<p>Ready to hang.<\/p>\n<p><strong>Obraz je do konce ledna 2025 vystaven v Podnik caf\u00e9 bar v Brn\u011b, dod\u00e1n\u00ed je tedy mo\u017en\u00e9 po tomto datu, p\u0159\u00edpadn\u011b dle individu\u00e1ln\u00ed domluvy.<\/strong><\/p>\n<p><em>Paintings are photographed to represent the colors accurately, however, slight variations may occur.<\/em><\/p>","protected":false},"excerpt":{"rendered":"<p>40 x 50 x 2 cm (including frame 43 x 53 x 3.2 cm)<\/p>\n<p>Original abstract painting, acryl and pastels on canvas.<\/p>\n<p>The colourful shades of grey and white can be reminiscent of a winter seascape in a snowstorm, with the water mixing with the sky and the horizon disappearing into the distance. Textures and brushstrokes represent constant movement - of wind, water, time.<\/p>","protected":false},"featured_media":3877,"template":"","meta":[],"product_brand":[],"product_cat":[104],"product_tag":[],"class_list":{"0":"post-3570","1":"product","2":"type-product","3":"status-publish","4":"has-post-thumbnail","6":"product_cat-prodane-obrazy","7":"product_shipping_class-male-obrazy-na-platne","9":"first","10":"outofstock","11":"shipping-taxable","12":"purchasable","13":"product-type-simple"},"_links":{"self":[{"href":"https:\/\/michaelamiart.com\/en\/wp-json\/wp\/v2\/product\/3570","targetHints":{"allow":["GET"]}}],"collection":[{"href":"https:\/\/michaelamiart.com\/en\/wp-json\/wp\/v2\/product"}],"about":[{"href":"https:\/\/michaelamiart.com\/en\/wp-json\/wp\/v2\/types\/product"}],"wp:featuredmedia":[{"embeddable":true,"href":"https:\/\/michaelamiart.com\/en\/wp-json\/wp\/v2\/media\/3877"}],"wp:attachment":[{"href":"https:\/\/michaelamiart.com\/en\/wp-json\/wp\/v2\/media?parent=3570"}],"wp:term":[{"taxonomy":"product_brand","embeddable":true,"href":"https:\/\/michaelamiart.com\/en\/wp-json\/wp\/v2\/product_brand?post=3570"},{"taxonomy":"product_cat","embeddable":true,"href":"https:\/\/michaelamiart.com\/en\/wp-json\/wp\/v2\/product_cat?post=3570"},{"taxonomy":"product_tag","embeddable":true,"href":"https:\/\/michaelamiart.com\/en\/wp-json\/wp\/v2\/product_tag?post=3570"}],"curies":[{"name":"wp","href":"https:\/\/api.w.org\/{rel}","templated":true}]}}