{"id":3674,"date":"2023-11-16T15:49:11","date_gmt":"2023-11-16T14:49:11","guid":{"rendered":"https:\/\/michaelamiart.com\/?post_type=product&#038;p=3674"},"modified":"2025-05-08T13:29:46","modified_gmt":"2025-05-08T11:29:46","slug":"a-moment-of-calm","status":"publish","type":"product","link":"https:\/\/michaelamiart.com\/en\/product\/a-moment-of-calm\/","title":{"rendered":"A moment of calm &#8211; origin\u00e1l"},"content":{"rendered":"<p>Painting will be shipped within 1 week after receiving the payment.<\/p>\n<p><em>Paintings are photographed to represent the colors accurately, however, slight variations may occur.<\/em><\/p>","protected":false},"excerpt":{"rendered":"<p>21 x 21 cm<\/p>\n<p>Origin\u00e1ln\u00ed abstraktn\u00ed malba, akryl na pap\u00ed\u0159e v r\u00e1me\u010dku, kter\u00fd je zahrnut v cen\u011b.<\/p>\n<p>Signed, titled and dated by the artist on the back.<\/p>","protected":false},"featured_media":4586,"template":"","meta":[],"product_brand":[],"product_cat":[105],"product_tag":[],"class_list":{"0":"post-3674","1":"product","2":"type-product","3":"status-publish","4":"has-post-thumbnail","6":"product_cat-obrazy-na-papire-v-rameccich","7":"product_shipping_class-obrazy-na-papire-a-male-printy","9":"first","10":"instock","11":"sale","12":"shipping-taxable","13":"purchasable","14":"product-type-simple"},"_links":{"self":[{"href":"https:\/\/michaelamiart.com\/en\/wp-json\/wp\/v2\/product\/3674","targetHints":{"allow":["GET"]}}],"collection":[{"href":"https:\/\/michaelamiart.com\/en\/wp-json\/wp\/v2\/product"}],"about":[{"href":"https:\/\/michaelamiart.com\/en\/wp-json\/wp\/v2\/types\/product"}],"wp:featuredmedia":[{"embeddable":true,"href":"https:\/\/michaelamiart.com\/en\/wp-json\/wp\/v2\/media\/4586"}],"wp:attachment":[{"href":"https:\/\/michaelamiart.com\/en\/wp-json\/wp\/v2\/media?parent=3674"}],"wp:term":[{"taxonomy":"product_brand","embeddable":true,"href":"https:\/\/michaelamiart.com\/en\/wp-json\/wp\/v2\/product_brand?post=3674"},{"taxonomy":"product_cat","embeddable":true,"href":"https:\/\/michaelamiart.com\/en\/wp-json\/wp\/v2\/product_cat?post=3674"},{"taxonomy":"product_tag","embeddable":true,"href":"https:\/\/michaelamiart.com\/en\/wp-json\/wp\/v2\/product_tag?post=3674"}],"curies":[{"name":"wp","href":"https:\/\/api.w.org\/{rel}","templated":true}]}}