{"id":4168,"date":"2023-12-10T19:36:29","date_gmt":"2023-12-10T18:36:29","guid":{"rendered":"https:\/\/michaelamiart.com\/?post_type=product&#038;p=4168"},"modified":"2025-05-08T13:28:52","modified_gmt":"2025-05-08T11:28:52","slug":"meet-me-at-the-pier-print","status":"publish","type":"product","link":"https:\/\/michaelamiart.com\/en\/product\/meet-me-at-the-pier-print\/","title":{"rendered":"Meet me at the pier  &#8211; print"},"content":{"rendered":"<p>Odesl\u00e1n\u00ed do 1 t\u00fddne po obdr\u017een\u00ed platby.<\/p>\n<p><em>Prints are photographed to represent the colors accurately, however, slight variations may occur.<\/em><\/p>","protected":false},"excerpt":{"rendered":"<p>30 x 24 cm<\/p>\n<p>Reprodukce origin\u00e1ln\u00edho obrazu \u201eMeet me at the pier\u201c v r\u00e1me\u010dku, kter\u00fd je zahrnut v cen\u011b.<\/p>\n<p>Printed on matt 100% cotton paper with a distinctive coarse texture, weight 310 g\/m2.<\/p>\n<p>Signed on the back of the print.<\/p>","protected":false},"featured_media":4592,"template":"","meta":[],"product_brand":[],"product_cat":[105],"product_tag":[],"class_list":{"0":"post-4168","1":"product","2":"type-product","3":"status-publish","4":"has-post-thumbnail","6":"product_cat-obrazy-na-papire-v-rameccich","7":"product_shipping_class-obrazy-na-papire-a-male-printy","9":"first","10":"instock","11":"sale","12":"shipping-taxable","13":"purchasable","14":"product-type-simple"},"_links":{"self":[{"href":"https:\/\/michaelamiart.com\/en\/wp-json\/wp\/v2\/product\/4168","targetHints":{"allow":["GET"]}}],"collection":[{"href":"https:\/\/michaelamiart.com\/en\/wp-json\/wp\/v2\/product"}],"about":[{"href":"https:\/\/michaelamiart.com\/en\/wp-json\/wp\/v2\/types\/product"}],"wp:featuredmedia":[{"embeddable":true,"href":"https:\/\/michaelamiart.com\/en\/wp-json\/wp\/v2\/media\/4592"}],"wp:attachment":[{"href":"https:\/\/michaelamiart.com\/en\/wp-json\/wp\/v2\/media?parent=4168"}],"wp:term":[{"taxonomy":"product_brand","embeddable":true,"href":"https:\/\/michaelamiart.com\/en\/wp-json\/wp\/v2\/product_brand?post=4168"},{"taxonomy":"product_cat","embeddable":true,"href":"https:\/\/michaelamiart.com\/en\/wp-json\/wp\/v2\/product_cat?post=4168"},{"taxonomy":"product_tag","embeddable":true,"href":"https:\/\/michaelamiart.com\/en\/wp-json\/wp\/v2\/product_tag?post=4168"}],"curies":[{"name":"wp","href":"https:\/\/api.w.org\/{rel}","templated":true}]}}