{"id":4342,"date":"2024-09-29T23:10:53","date_gmt":"2024-09-29T21:10:53","guid":{"rendered":"https:\/\/michaelamiart.com\/?post_type=product&#038;p=4342"},"modified":"2025-02-11T20:55:54","modified_gmt":"2025-02-11T19:55:54","slug":"distant-shores-vzdalene-brehy","status":"publish","type":"product","link":"https:\/\/michaelamiart.com\/en\/product\/distant-shores-vzdalene-brehy\/","title":{"rendered":"Distant Shores"},"content":{"rendered":"<p>Signed, titled and dated by the artist on the back.<\/p>\n<p>Ready to hang.<\/p>\n<p><strong>Obraz je do konce ledna 2025 vystaven v Podnik caf\u00e9 bar v Brn\u011b, dod\u00e1n\u00ed je tedy mo\u017en\u00e9 po tomto datu, p\u0159\u00edpadn\u011b dle individu\u00e1ln\u00ed domluvy.<\/strong><\/p>\n<p><em>Paintings are photographed to represent the colors accurately, however, slight variations may occur.<\/em><\/p>","protected":false},"excerpt":{"rendered":"<p>95 x 95 x 2 cm<\/p>\n<p>Original abstract painting, acryl on canvas.<\/p>\n<p>The combination of subtly blended colours of blue, light brown and white can evoke a soft, dreamy landscape where sky and sea intermingle in a misty horizon. The name Distant Shores is meant to symbolise the mysterious shores hidden beyond the horizon that beckon with their quiet charm.<\/p>","protected":false},"featured_media":4409,"template":"","meta":[],"product_brand":[],"product_cat":[104],"product_tag":[],"class_list":{"0":"post-4342","1":"product","2":"type-product","3":"status-publish","4":"has-post-thumbnail","6":"product_cat-prodane-obrazy","7":"product_shipping_class-velke-obrazy-na-platne","9":"first","10":"outofstock","11":"shipping-taxable","12":"purchasable","13":"product-type-simple"},"_links":{"self":[{"href":"https:\/\/michaelamiart.com\/en\/wp-json\/wp\/v2\/product\/4342","targetHints":{"allow":["GET"]}}],"collection":[{"href":"https:\/\/michaelamiart.com\/en\/wp-json\/wp\/v2\/product"}],"about":[{"href":"https:\/\/michaelamiart.com\/en\/wp-json\/wp\/v2\/types\/product"}],"wp:featuredmedia":[{"embeddable":true,"href":"https:\/\/michaelamiart.com\/en\/wp-json\/wp\/v2\/media\/4409"}],"wp:attachment":[{"href":"https:\/\/michaelamiart.com\/en\/wp-json\/wp\/v2\/media?parent=4342"}],"wp:term":[{"taxonomy":"product_brand","embeddable":true,"href":"https:\/\/michaelamiart.com\/en\/wp-json\/wp\/v2\/product_brand?post=4342"},{"taxonomy":"product_cat","embeddable":true,"href":"https:\/\/michaelamiart.com\/en\/wp-json\/wp\/v2\/product_cat?post=4342"},{"taxonomy":"product_tag","embeddable":true,"href":"https:\/\/michaelamiart.com\/en\/wp-json\/wp\/v2\/product_tag?post=4342"}],"curies":[{"name":"wp","href":"https:\/\/api.w.org\/{rel}","templated":true}]}}