{"id":4384,"date":"2024-10-02T18:05:57","date_gmt":"2024-10-02T16:05:57","guid":{"rendered":"https:\/\/michaelamiart.com\/?post_type=product&#038;p=4384"},"modified":"2025-02-11T20:55:12","modified_gmt":"2025-02-11T19:55:12","slug":"misty-depths-mlzne-hlubiny","status":"publish","type":"product","link":"https:\/\/michaelamiart.com\/en\/product\/misty-depths-mlzne-hlubiny\/","title":{"rendered":"Misty Depths (Ml\u017en\u00e9 hlubiny)"},"content":{"rendered":"<p>Framed in a wooden floating frame (included in the price).<\/p>\n<p>Signed, titled and dated by the artist on the back.<\/p>\n<p>Ready to hang.<\/p>\n<p>Painting will be shipped within 1 week after receiving the payment.<\/p>\n<p><em>Paintings are photographed to represent the colors accurately, however, slight variations may occur.<\/em><\/p>","protected":false},"excerpt":{"rendered":"<p>35 x 35 x 2 cm (v\u010detn\u011b r\u00e1mu 38 x 38 x 3 cm)<\/p>\n<p>Original abstract painting, acryl on canvas.<\/p>\n<p>Barevn\u00e9 p\u0159echody od temn\u00fdch modr\u00fdch t\u00f3n\u016f ke sv\u011btlej\u0161\u00edm oblastem mohou p\u0159ipom\u00ednat mo\u0159e zahalen\u00e9 mlhou a vyvol\u00e1vat pocit hloubky a nezn\u00e1ma.<\/p>","protected":false},"featured_media":4408,"template":"","meta":[],"product_brand":[],"product_cat":[104],"product_tag":[],"class_list":{"0":"post-4384","1":"product","2":"type-product","3":"status-publish","4":"has-post-thumbnail","6":"product_cat-prodane-obrazy","7":"product_shipping_class-male-obrazy-na-platne","9":"first","10":"outofstock","11":"shipping-taxable","12":"purchasable","13":"product-type-simple"},"_links":{"self":[{"href":"https:\/\/michaelamiart.com\/en\/wp-json\/wp\/v2\/product\/4384","targetHints":{"allow":["GET"]}}],"collection":[{"href":"https:\/\/michaelamiart.com\/en\/wp-json\/wp\/v2\/product"}],"about":[{"href":"https:\/\/michaelamiart.com\/en\/wp-json\/wp\/v2\/types\/product"}],"wp:featuredmedia":[{"embeddable":true,"href":"https:\/\/michaelamiart.com\/en\/wp-json\/wp\/v2\/media\/4408"}],"wp:attachment":[{"href":"https:\/\/michaelamiart.com\/en\/wp-json\/wp\/v2\/media?parent=4384"}],"wp:term":[{"taxonomy":"product_brand","embeddable":true,"href":"https:\/\/michaelamiart.com\/en\/wp-json\/wp\/v2\/product_brand?post=4384"},{"taxonomy":"product_cat","embeddable":true,"href":"https:\/\/michaelamiart.com\/en\/wp-json\/wp\/v2\/product_cat?post=4384"},{"taxonomy":"product_tag","embeddable":true,"href":"https:\/\/michaelamiart.com\/en\/wp-json\/wp\/v2\/product_tag?post=4384"}],"curies":[{"name":"wp","href":"https:\/\/api.w.org\/{rel}","templated":true}]}}