{"id":4392,"date":"2024-10-02T18:28:59","date_gmt":"2024-10-02T16:28:59","guid":{"rendered":"https:\/\/michaelamiart.com\/?post_type=product&#038;p=4392"},"modified":"2025-02-11T20:54:52","modified_gmt":"2025-02-11T19:54:52","slug":"dreaming-in-blue-sneni-v-modrem","status":"publish","type":"product","link":"https:\/\/michaelamiart.com\/en\/product\/dreaming-in-blue-sneni-v-modrem\/","title":{"rendered":"Dreaming in Blue (Sn\u011bn\u00ed v modr\u00e9m)"},"content":{"rendered":"<p>Framed in a wooden floating frame (included in the price).<\/p>\n<p>Signed, titled and dated by the artist on the back.<\/p>\n<p>Ready to hang.<\/p>\n<p>Painting will be shipped within 1 week after receiving the payment.<\/p>\n<p><em>Paintings are photographed to represent the colors accurately, however, slight variations may occur.<\/em><\/p>","protected":false},"excerpt":{"rendered":"<p>35 x 35 x 2 cm (v\u010detn\u011b r\u00e1mu 38 x 38 x 3 cm)<\/p>\n<p>Original abstract painting, acryl on canvas.<\/p>\n<p>Obraz m\u016f\u017ee evokovat pocit mlhy \u010di oparu stoupaj\u00edc\u00edho nad vodn\u00ed hladinou. Kombinace modr\u00fdch t\u00f3n\u016f p\u0159ech\u00e1zej\u00edc\u00edch do sv\u011btlej\u0161\u00edch m\u00edst m\u00e1 vytv\u00e1\u0159et klidn\u00fd a z\u00e1rove\u0148 zasn\u011bn\u00fd efekt, jako by se obraz pohyboval mezi realitou a snem.<\/p>","protected":false},"featured_media":4407,"template":"","meta":[],"product_brand":[],"product_cat":[104],"product_tag":[],"class_list":{"0":"post-4392","1":"product","2":"type-product","3":"status-publish","4":"has-post-thumbnail","6":"product_cat-prodane-obrazy","8":"first","9":"outofstock","10":"shipping-taxable","11":"purchasable","12":"product-type-simple"},"_links":{"self":[{"href":"https:\/\/michaelamiart.com\/en\/wp-json\/wp\/v2\/product\/4392","targetHints":{"allow":["GET"]}}],"collection":[{"href":"https:\/\/michaelamiart.com\/en\/wp-json\/wp\/v2\/product"}],"about":[{"href":"https:\/\/michaelamiart.com\/en\/wp-json\/wp\/v2\/types\/product"}],"wp:featuredmedia":[{"embeddable":true,"href":"https:\/\/michaelamiart.com\/en\/wp-json\/wp\/v2\/media\/4407"}],"wp:attachment":[{"href":"https:\/\/michaelamiart.com\/en\/wp-json\/wp\/v2\/media?parent=4392"}],"wp:term":[{"taxonomy":"product_brand","embeddable":true,"href":"https:\/\/michaelamiart.com\/en\/wp-json\/wp\/v2\/product_brand?post=4392"},{"taxonomy":"product_cat","embeddable":true,"href":"https:\/\/michaelamiart.com\/en\/wp-json\/wp\/v2\/product_cat?post=4392"},{"taxonomy":"product_tag","embeddable":true,"href":"https:\/\/michaelamiart.com\/en\/wp-json\/wp\/v2\/product_tag?post=4392"}],"curies":[{"name":"wp","href":"https:\/\/api.w.org\/{rel}","templated":true}]}}