{"id":4480,"date":"2024-11-10T09:00:34","date_gmt":"2024-11-10T08:00:34","guid":{"rendered":"https:\/\/michaelamiart.com\/?post_type=product&#038;p=4480"},"modified":"2025-05-23T14:55:52","modified_gmt":"2025-05-23T12:55:52","slug":"meditation-meditace","status":"publish","type":"product","link":"https:\/\/michaelamiart.com\/en\/product\/meditation-meditace\/","title":{"rendered":"Meditation (Meditace)"},"content":{"rendered":"<p>Signed, titled and dated by the artist on the back.<\/p>\n<p>Ready to hang.<\/p>\n<p>Painting will be shipped within 1 week after receiving the payment.<\/p>\n<p><em>Paintings are photographed to represent the colors accurately, however, slight variations may occur.<\/em><\/p>","protected":false},"excerpt":{"rendered":"<blockquote><p>95 x 95 x 2 cm<\/p><\/blockquote>\n<p>Original abstract painting, acryl on canvas.<\/p>\n<p>Obraz m\u00e1 p\u0159in\u00e1\u0161et pocit lehkosti a propojen\u00ed s okam\u017eikem jako ve chv\u00edli ticha v p\u0159\u00edrod\u011b nebo v samotn\u00e9 meditaci. Jeho atmosf\u00e9ra vytv\u00e1\u0159\u00ed prostor, kde se m\u016f\u017eete ztratit v hlubok\u00e9m meditativn\u00edm klidu.<\/p>","protected":false},"featured_media":4543,"template":"","meta":[],"product_brand":[],"product_cat":[104],"product_tag":[],"class_list":{"0":"post-4480","1":"product","2":"type-product","3":"status-publish","4":"has-post-thumbnail","6":"product_cat-prodane-obrazy","7":"product_shipping_class-velke-obrazy-na-platne","9":"first","10":"outofstock","11":"sale","12":"shipping-taxable","13":"purchasable","14":"product-type-simple"},"_links":{"self":[{"href":"https:\/\/michaelamiart.com\/en\/wp-json\/wp\/v2\/product\/4480","targetHints":{"allow":["GET"]}}],"collection":[{"href":"https:\/\/michaelamiart.com\/en\/wp-json\/wp\/v2\/product"}],"about":[{"href":"https:\/\/michaelamiart.com\/en\/wp-json\/wp\/v2\/types\/product"}],"wp:featuredmedia":[{"embeddable":true,"href":"https:\/\/michaelamiart.com\/en\/wp-json\/wp\/v2\/media\/4543"}],"wp:attachment":[{"href":"https:\/\/michaelamiart.com\/en\/wp-json\/wp\/v2\/media?parent=4480"}],"wp:term":[{"taxonomy":"product_brand","embeddable":true,"href":"https:\/\/michaelamiart.com\/en\/wp-json\/wp\/v2\/product_brand?post=4480"},{"taxonomy":"product_cat","embeddable":true,"href":"https:\/\/michaelamiart.com\/en\/wp-json\/wp\/v2\/product_cat?post=4480"},{"taxonomy":"product_tag","embeddable":true,"href":"https:\/\/michaelamiart.com\/en\/wp-json\/wp\/v2\/product_tag?post=4480"}],"curies":[{"name":"wp","href":"https:\/\/api.w.org\/{rel}","templated":true}]}}