{"id":4502,"date":"2024-12-10T16:05:45","date_gmt":"2024-12-10T15:05:45","guid":{"rendered":"https:\/\/michaelamiart.com\/?post_type=product&#038;p=4502"},"modified":"2025-12-11T20:32:04","modified_gmt":"2025-12-11T19:32:04","slug":"set-tri-obrazu-wild-and-free-in-the-wind-wild-grasses","status":"publish","type":"product","link":"https:\/\/michaelamiart.com\/en\/product\/set-tri-obrazu-wild-and-free-in-the-wind-wild-grasses\/","title":{"rendered":"Set t\u0159\u00ed obraz\u016f (Wild and free; In the wind; Wild grasses)"},"content":{"rendered":"<p>Obrazy budou odesl\u00e1ny do 1 t\u00fddne po obdr\u017een\u00ed platby.<\/p>\n<p><em>Paintings are photographed to represent the colors accurately, however, slight variations may occur.<\/em><\/p>","protected":false},"excerpt":{"rendered":"<p>SET obraz\u016f: 3x<\/p>\n<p>25 x 30 x 1.5 cm (including frame 28 x 33 x 3.2 cm)<\/p>\n<p>Original abstract painting, acryl and pastels on canvas.<\/p>\n<p>Framed in a wooden floating frame (included in the price).<\/p>\n<p>Podeps\u00e1no, titulov\u00e1no a datov\u00e1no na zadn\u00ed stran\u011b obraz\u016f.<\/p>\n<p>Ready to hang.<\/p>\n<p>&nbsp;<\/p>\n<p>V\u00edce fotografi\u00ed:<\/p>\n<p>https:\/\/michaelamiart.com\/produkt\/wild-and-free\/<\/p>\n<p>https:\/\/michaelamiart.com\/produkt\/in-the-wind\/<\/p>\n<p>https:\/\/michaelamiart.com\/produkt\/wild-grasses\/<\/p>","protected":false},"featured_media":3808,"template":"","meta":[],"product_brand":[],"product_cat":[104],"product_tag":[],"class_list":{"0":"post-4502","1":"product","2":"type-product","3":"status-publish","4":"has-post-thumbnail","6":"product_cat-prodane-obrazy","7":"product_shipping_class-mini-obrazy-na-platne","9":"first","10":"outofstock","11":"sale","12":"shipping-taxable","13":"purchasable","14":"product-type-simple"},"_links":{"self":[{"href":"https:\/\/michaelamiart.com\/en\/wp-json\/wp\/v2\/product\/4502","targetHints":{"allow":["GET"]}}],"collection":[{"href":"https:\/\/michaelamiart.com\/en\/wp-json\/wp\/v2\/product"}],"about":[{"href":"https:\/\/michaelamiart.com\/en\/wp-json\/wp\/v2\/types\/product"}],"wp:featuredmedia":[{"embeddable":true,"href":"https:\/\/michaelamiart.com\/en\/wp-json\/wp\/v2\/media\/3808"}],"wp:attachment":[{"href":"https:\/\/michaelamiart.com\/en\/wp-json\/wp\/v2\/media?parent=4502"}],"wp:term":[{"taxonomy":"product_brand","embeddable":true,"href":"https:\/\/michaelamiart.com\/en\/wp-json\/wp\/v2\/product_brand?post=4502"},{"taxonomy":"product_cat","embeddable":true,"href":"https:\/\/michaelamiart.com\/en\/wp-json\/wp\/v2\/product_cat?post=4502"},{"taxonomy":"product_tag","embeddable":true,"href":"https:\/\/michaelamiart.com\/en\/wp-json\/wp\/v2\/product_tag?post=4502"}],"curies":[{"name":"wp","href":"https:\/\/api.w.org\/{rel}","templated":true}]}}