{"id":4509,"date":"2024-12-29T20:00:12","date_gmt":"2024-12-29T19:00:12","guid":{"rendered":"https:\/\/michaelamiart.com\/?post_type=product&#038;p=4509"},"modified":"2025-05-09T14:49:27","modified_gmt":"2025-05-09T12:49:27","slug":"soulprints-otisky-duse","status":"publish","type":"product","link":"https:\/\/michaelamiart.com\/en\/product\/soulprints-otisky-duse\/","title":{"rendered":"Soulprints (Otisky du\u0161e)"},"content":{"rendered":"<p>Signed, titled and dated by the artist on the back.<\/p>\n<p>Ready to hang.<\/p>\n<p>Painting will be shipped within 1 week after receiving the payment.<\/p>\n<p><em>Paintings are photographed to represent the colors accurately, however, slight variations may occur.<\/em><\/p>","protected":false},"excerpt":{"rendered":"<p>100 x 120 x 2 cm<\/p>\n<p>Original abstract painting, acryl on canvas.<\/p>\n<p>Obraz m\u00e1 zachycovat neviditeln\u00e9 stopy emoc\u00ed a pro\u017eitk\u016f, kter\u00e9 v n\u00e1s zanech\u00e1v\u00e1 \u017eivot. Jemn\u00e9 vrstvy a plynul\u00e9 p\u0159echody barev odr\u00e1\u017eet hloubku a jemnost du\u0161e, p\u0159ipom\u00ednaj\u00edc\u00ed, \u017ee ka\u017ed\u00fd okam\u017eik zanech\u00e1v\u00e1 sv\u016fj otisk.<\/p>","protected":false},"featured_media":4547,"template":"","meta":[],"product_brand":[],"product_cat":[104],"product_tag":[],"class_list":{"0":"post-4509","1":"product","2":"type-product","3":"status-publish","4":"has-post-thumbnail","6":"product_cat-prodane-obrazy","7":"product_shipping_class-velke-obrazy-na-platne","9":"first","10":"outofstock","11":"sale","12":"shipping-taxable","13":"purchasable","14":"product-type-simple"},"_links":{"self":[{"href":"https:\/\/michaelamiart.com\/en\/wp-json\/wp\/v2\/product\/4509","targetHints":{"allow":["GET"]}}],"collection":[{"href":"https:\/\/michaelamiart.com\/en\/wp-json\/wp\/v2\/product"}],"about":[{"href":"https:\/\/michaelamiart.com\/en\/wp-json\/wp\/v2\/types\/product"}],"wp:featuredmedia":[{"embeddable":true,"href":"https:\/\/michaelamiart.com\/en\/wp-json\/wp\/v2\/media\/4547"}],"wp:attachment":[{"href":"https:\/\/michaelamiart.com\/en\/wp-json\/wp\/v2\/media?parent=4509"}],"wp:term":[{"taxonomy":"product_brand","embeddable":true,"href":"https:\/\/michaelamiart.com\/en\/wp-json\/wp\/v2\/product_brand?post=4509"},{"taxonomy":"product_cat","embeddable":true,"href":"https:\/\/michaelamiart.com\/en\/wp-json\/wp\/v2\/product_cat?post=4509"},{"taxonomy":"product_tag","embeddable":true,"href":"https:\/\/michaelamiart.com\/en\/wp-json\/wp\/v2\/product_tag?post=4509"}],"curies":[{"name":"wp","href":"https:\/\/api.w.org\/{rel}","templated":true}]}}