{"id":4557,"date":"2025-03-24T21:05:31","date_gmt":"2025-03-24T20:05:31","guid":{"rendered":"https:\/\/michaelamiart.com\/?post_type=product&#038;p=4557"},"modified":"2025-10-31T07:34:27","modified_gmt":"2025-10-31T06:34:27","slug":"whispering-haze-septajici-mlha","status":"publish","type":"product","link":"https:\/\/michaelamiart.com\/en\/product\/whispering-haze-septajici-mlha\/","title":{"rendered":"Whispering Haze (\u0160eptaj\u00edc\u00ed mlha)"},"content":{"rendered":"<p>Signed, titled and dated by the artist on the back.<\/p>\n<p>Ready to hang.<\/p>\n<p>Painting will be shipped within 1 week after receiving the payment.<\/p>\n<p><em>Paintings are photographed to represent the colors accurately, however, slight variations may occur.<\/em><\/p>","protected":false},"excerpt":{"rendered":"<p>80 x 60 x 2 cm<\/p>\n<p>Original abstract painting, acryl on canvas.<\/p>\n<p>Obraz zachycuje jemn\u00fd okam\u017eik mezi snem a realitou, kde se sv\u011btlo m\u00eds\u00ed s mlhou a vytv\u00e1\u0159\u00ed \u00e9terickou, tajemnou atmosf\u00e9ru.<\/p>","protected":false},"featured_media":4558,"template":"","meta":[],"product_brand":[],"product_cat":[88],"product_tag":[],"class_list":{"0":"post-4557","1":"product","2":"type-product","3":"status-publish","4":"has-post-thumbnail","6":"product_cat-obrazy-na-platne","7":"product_shipping_class-velke-obrazy-na-platne","9":"first","10":"instock","11":"sale","12":"shipping-taxable","13":"purchasable","14":"product-type-simple"},"_links":{"self":[{"href":"https:\/\/michaelamiart.com\/en\/wp-json\/wp\/v2\/product\/4557","targetHints":{"allow":["GET"]}}],"collection":[{"href":"https:\/\/michaelamiart.com\/en\/wp-json\/wp\/v2\/product"}],"about":[{"href":"https:\/\/michaelamiart.com\/en\/wp-json\/wp\/v2\/types\/product"}],"wp:featuredmedia":[{"embeddable":true,"href":"https:\/\/michaelamiart.com\/en\/wp-json\/wp\/v2\/media\/4558"}],"wp:attachment":[{"href":"https:\/\/michaelamiart.com\/en\/wp-json\/wp\/v2\/media?parent=4557"}],"wp:term":[{"taxonomy":"product_brand","embeddable":true,"href":"https:\/\/michaelamiart.com\/en\/wp-json\/wp\/v2\/product_brand?post=4557"},{"taxonomy":"product_cat","embeddable":true,"href":"https:\/\/michaelamiart.com\/en\/wp-json\/wp\/v2\/product_cat?post=4557"},{"taxonomy":"product_tag","embeddable":true,"href":"https:\/\/michaelamiart.com\/en\/wp-json\/wp\/v2\/product_tag?post=4557"}],"curies":[{"name":"wp","href":"https:\/\/api.w.org\/{rel}","templated":true}]}}