{"id":4568,"date":"2025-04-12T18:58:19","date_gmt":"2025-04-12T16:58:19","guid":{"rendered":"https:\/\/michaelamiart.com\/?post_type=product&#038;p=4568"},"modified":"2025-11-30T16:12:08","modified_gmt":"2025-11-30T15:12:08","slug":"big-magic-velke-kouzlo","status":"publish","type":"product","link":"https:\/\/michaelamiart.com\/en\/product\/big-magic-velke-kouzlo\/","title":{"rendered":"Big Magic (Velk\u00e9 Kouzlo)"},"content":{"rendered":"<p>Signed, titled and dated by the artist on the back.<\/p>\n<p>Ready to hang.<\/p>\n<p>Painting will be shipped within 1 week after receiving the payment.<\/p>\n<p><em>Paintings are photographed to represent the colors accurately, however, slight variations may occur.<\/em><\/p>","protected":false},"excerpt":{"rendered":"<p>80 x 60 x 2 cm<\/p>\n<p>Original abstract painting, acryl on canvas.<\/p>\n<p>Obraz je inspirovan\u00fd knihou od Elizabeth Gilbertov\u00e9, kter\u00e1 je o odvaze tvo\u0159it beze strachu. M\u00e1 p\u0159edstavovat vizu\u00e1ln\u00ed podobu tv\u016fr\u010d\u00ed energie a kouzla, kter\u00e9 p\u0159ich\u00e1z\u00ed, kdy\u017e jsme napojeni na inspiraci p\u0159i jak\u00e9koliv tv\u016fr\u010d\u00ed \u010dinnosti. M\u00e1 zachycovat prostor, kde se rod\u00ed n\u00e1pady.<\/p>","protected":false},"featured_media":4570,"template":"","meta":[],"product_brand":[],"product_cat":[104],"product_tag":[],"class_list":{"0":"post-4568","1":"product","2":"type-product","3":"status-publish","4":"has-post-thumbnail","6":"product_cat-prodane-obrazy","7":"product_shipping_class-velke-obrazy-na-platne","9":"first","10":"outofstock","11":"sale","12":"shipping-taxable","13":"purchasable","14":"product-type-simple"},"_links":{"self":[{"href":"https:\/\/michaelamiart.com\/en\/wp-json\/wp\/v2\/product\/4568","targetHints":{"allow":["GET"]}}],"collection":[{"href":"https:\/\/michaelamiart.com\/en\/wp-json\/wp\/v2\/product"}],"about":[{"href":"https:\/\/michaelamiart.com\/en\/wp-json\/wp\/v2\/types\/product"}],"wp:featuredmedia":[{"embeddable":true,"href":"https:\/\/michaelamiart.com\/en\/wp-json\/wp\/v2\/media\/4570"}],"wp:attachment":[{"href":"https:\/\/michaelamiart.com\/en\/wp-json\/wp\/v2\/media?parent=4568"}],"wp:term":[{"taxonomy":"product_brand","embeddable":true,"href":"https:\/\/michaelamiart.com\/en\/wp-json\/wp\/v2\/product_brand?post=4568"},{"taxonomy":"product_cat","embeddable":true,"href":"https:\/\/michaelamiart.com\/en\/wp-json\/wp\/v2\/product_cat?post=4568"},{"taxonomy":"product_tag","embeddable":true,"href":"https:\/\/michaelamiart.com\/en\/wp-json\/wp\/v2\/product_tag?post=4568"}],"curies":[{"name":"wp","href":"https:\/\/api.w.org\/{rel}","templated":true}]}}