{"id":4573,"date":"2025-04-12T19:16:24","date_gmt":"2025-04-12T17:16:24","guid":{"rendered":"https:\/\/michaelamiart.com\/?post_type=product&#038;p=4573"},"modified":"2025-06-03T07:28:03","modified_gmt":"2025-06-03T05:28:03","slug":"the-stillness-between-ticho-mezi-tim","status":"publish","type":"product","link":"https:\/\/michaelamiart.com\/en\/product\/the-stillness-between-ticho-mezi-tim\/","title":{"rendered":"The Stillness Between (Ticho mezi t\u00edm)"},"content":{"rendered":"<p>Signed, titled and dated by the artist on the back.<\/p>\n<p>Ready to hang.<\/p>\n<p>Painting will be shipped within 1 week after receiving the payment.<\/p>\n<p><em>Paintings are photographed to represent the colors accurately, however, slight variations may occur.<\/em><\/p>","protected":false},"excerpt":{"rendered":"<p>60 x 60 x 4 cm<\/p>\n<p>Original abstract painting, acryl on canvas.<\/p>\n<p>Obraz zachycuje jemn\u00fd okam\u017eik mezi dv\u011bma n\u00e1dechy. Mezi vlnou my\u0161lenek. Mezi dnem a noc\u00ed. Minimalistick\u00e1 struktura, neutr\u00e1ln\u00ed t\u00f3ny a lehk\u00e9 n\u00e1znaky krajiny vytv\u00e1\u0159ej\u00ed pocit klidu a otev\u0159en\u00e9ho prostoru.<\/p>","protected":false},"featured_media":4575,"template":"","meta":[],"product_brand":[],"product_cat":[104],"product_tag":[],"class_list":{"0":"post-4573","1":"product","2":"type-product","3":"status-publish","4":"has-post-thumbnail","6":"product_cat-prodane-obrazy","7":"product_shipping_class-male-obrazy-na-platne","9":"first","10":"outofstock","11":"sale","12":"shipping-taxable","13":"purchasable","14":"product-type-simple"},"_links":{"self":[{"href":"https:\/\/michaelamiart.com\/en\/wp-json\/wp\/v2\/product\/4573","targetHints":{"allow":["GET"]}}],"collection":[{"href":"https:\/\/michaelamiart.com\/en\/wp-json\/wp\/v2\/product"}],"about":[{"href":"https:\/\/michaelamiart.com\/en\/wp-json\/wp\/v2\/types\/product"}],"wp:featuredmedia":[{"embeddable":true,"href":"https:\/\/michaelamiart.com\/en\/wp-json\/wp\/v2\/media\/4575"}],"wp:attachment":[{"href":"https:\/\/michaelamiart.com\/en\/wp-json\/wp\/v2\/media?parent=4573"}],"wp:term":[{"taxonomy":"product_brand","embeddable":true,"href":"https:\/\/michaelamiart.com\/en\/wp-json\/wp\/v2\/product_brand?post=4573"},{"taxonomy":"product_cat","embeddable":true,"href":"https:\/\/michaelamiart.com\/en\/wp-json\/wp\/v2\/product_cat?post=4573"},{"taxonomy":"product_tag","embeddable":true,"href":"https:\/\/michaelamiart.com\/en\/wp-json\/wp\/v2\/product_tag?post=4573"}],"curies":[{"name":"wp","href":"https:\/\/api.w.org\/{rel}","templated":true}]}}