{"id":4643,"date":"2025-12-11T18:21:33","date_gmt":"2025-12-11T17:21:33","guid":{"rendered":"https:\/\/michaelamiart.com\/?post_type=product&#038;p=4643"},"modified":"2025-12-11T18:46:45","modified_gmt":"2025-12-11T17:46:45","slug":"soft-horizon-jemny-horizont","status":"publish","type":"product","link":"https:\/\/michaelamiart.com\/en\/product\/soft-horizon-jemny-horizont\/","title":{"rendered":"Soft Horizon (Jemn\u00fd horizont)"},"content":{"rendered":"<p>Signed, titled and dated by the artist on the back.<\/p>\n<p>Ready to hang.<\/p>\n<p>Painting will be shipped within 1 week after receiving the payment.<\/p>\n<p><em>Paintings are photographed to represent the colors accurately, however, slight variations may occur.<\/em><\/p>","protected":false},"excerpt":{"rendered":"<p>95 x 95 x 2 cm<\/p>\n<p>Origin\u00e1ln\u00ed abstraktn\u00ed malba, mixed media na pl\u00e1tn\u011b.<\/p>\n<p>Jemn\u00fd minimalistick\u00fd obraz, ve kter\u00e9m se sv\u011btlo a mlha setk\u00e1vaj\u00ed v t\u00e9m\u011b\u0159 neviditeln\u00e9m horizontu. Do prostoru p\u0159in\u00e1\u0161\u00ed pocit klidu, lehkosti a tich\u00e9ho plynut\u00ed. Dokonal\u00fd pro interi\u00e9ry, kde m\u00e1 p\u0159evl\u00e1dat harmonie a \u010distota.<\/p>","protected":false},"featured_media":4662,"template":"","meta":[],"product_brand":[],"product_cat":[88],"product_tag":[],"class_list":{"0":"post-4643","1":"product","2":"type-product","3":"status-publish","4":"has-post-thumbnail","6":"product_cat-obrazy-na-platne","7":"product_shipping_class-velke-obrazy-na-platne","9":"first","10":"instock","11":"shipping-taxable","12":"purchasable","13":"product-type-simple"},"_links":{"self":[{"href":"https:\/\/michaelamiart.com\/en\/wp-json\/wp\/v2\/product\/4643","targetHints":{"allow":["GET"]}}],"collection":[{"href":"https:\/\/michaelamiart.com\/en\/wp-json\/wp\/v2\/product"}],"about":[{"href":"https:\/\/michaelamiart.com\/en\/wp-json\/wp\/v2\/types\/product"}],"wp:featuredmedia":[{"embeddable":true,"href":"https:\/\/michaelamiart.com\/en\/wp-json\/wp\/v2\/media\/4662"}],"wp:attachment":[{"href":"https:\/\/michaelamiart.com\/en\/wp-json\/wp\/v2\/media?parent=4643"}],"wp:term":[{"taxonomy":"product_brand","embeddable":true,"href":"https:\/\/michaelamiart.com\/en\/wp-json\/wp\/v2\/product_brand?post=4643"},{"taxonomy":"product_cat","embeddable":true,"href":"https:\/\/michaelamiart.com\/en\/wp-json\/wp\/v2\/product_cat?post=4643"},{"taxonomy":"product_tag","embeddable":true,"href":"https:\/\/michaelamiart.com\/en\/wp-json\/wp\/v2\/product_tag?post=4643"}],"curies":[{"name":"wp","href":"https:\/\/api.w.org\/{rel}","templated":true}]}}