{"id":4680,"date":"2025-12-11T18:47:16","date_gmt":"2025-12-11T17:47:16","guid":{"rendered":"https:\/\/michaelamiart.com\/?post_type=product&#038;p=4680"},"modified":"2025-12-11T18:52:04","modified_gmt":"2025-12-11T17:52:04","slug":"line-of-stillness-linie-klidu","status":"publish","type":"product","link":"https:\/\/michaelamiart.com\/en\/product\/line-of-stillness-linie-klidu\/","title":{"rendered":"Line of Stillness (Linie klidu)"},"content":{"rendered":"<p>Signed, titled and dated by the artist on the back.<\/p>\n<p>Ready to hang.<\/p>\n<p>Painting will be shipped within 1 week after receiving the payment.<\/p>\n<p><em>Paintings are photographed to represent the colors accurately, however, slight variations may occur.<\/em><\/p>","protected":false},"excerpt":{"rendered":"<p>90 x 70 x 2 cm<\/p>\n<p>Origin\u00e1ln\u00ed abstraktn\u00ed malba, mixed media na pl\u00e1tn\u011b.<\/p>\n<p>Minimalistick\u00fd abstraktn\u00ed obraz s jemnou lini\u00ed, kter\u00e1 p\u016fsob\u00ed jako tich\u00fd pohyb v zastaven\u00e9m \u010dase. \u201eLine of Stillness\u201c vytv\u00e1\u0159\u00ed meditativn\u00ed atmosf\u00e9ru a p\u0159in\u00e1\u0161\u00ed do prostoru klid, rovnov\u00e1hu a prostor pro voln\u00fd dech.<\/p>","protected":false},"featured_media":4670,"template":"","meta":[],"product_brand":[],"product_cat":[88],"product_tag":[],"class_list":{"0":"post-4680","1":"product","2":"type-product","3":"status-publish","4":"has-post-thumbnail","6":"product_cat-obrazy-na-platne","7":"product_shipping_class-velke-obrazy-na-platne","9":"first","10":"instock","11":"shipping-taxable","12":"purchasable","13":"product-type-simple"},"_links":{"self":[{"href":"https:\/\/michaelamiart.com\/en\/wp-json\/wp\/v2\/product\/4680","targetHints":{"allow":["GET"]}}],"collection":[{"href":"https:\/\/michaelamiart.com\/en\/wp-json\/wp\/v2\/product"}],"about":[{"href":"https:\/\/michaelamiart.com\/en\/wp-json\/wp\/v2\/types\/product"}],"wp:featuredmedia":[{"embeddable":true,"href":"https:\/\/michaelamiart.com\/en\/wp-json\/wp\/v2\/media\/4670"}],"wp:attachment":[{"href":"https:\/\/michaelamiart.com\/en\/wp-json\/wp\/v2\/media?parent=4680"}],"wp:term":[{"taxonomy":"product_brand","embeddable":true,"href":"https:\/\/michaelamiart.com\/en\/wp-json\/wp\/v2\/product_brand?post=4680"},{"taxonomy":"product_cat","embeddable":true,"href":"https:\/\/michaelamiart.com\/en\/wp-json\/wp\/v2\/product_cat?post=4680"},{"taxonomy":"product_tag","embeddable":true,"href":"https:\/\/michaelamiart.com\/en\/wp-json\/wp\/v2\/product_tag?post=4680"}],"curies":[{"name":"wp","href":"https:\/\/api.w.org\/{rel}","templated":true}]}}