{"id":4681,"date":"2025-12-11T18:53:23","date_gmt":"2025-12-11T17:53:23","guid":{"rendered":"https:\/\/michaelamiart.com\/?post_type=product&#038;p=4681"},"modified":"2026-03-30T20:30:11","modified_gmt":"2026-03-30T18:30:11","slug":"stone-whispers-kamenne-sepoty","status":"publish","type":"product","link":"https:\/\/michaelamiart.com\/en\/product\/stone-whispers-kamenne-sepoty\/","title":{"rendered":"Stone Whispers (Kamenn\u00e9 \u0161epoty)"},"content":{"rendered":"<p>Framed in a wooden floating frame painted white (included in the price).<\/p>\n<p>Signed, titled and dated by the artist on the back.<\/p>\n<p>Ready to hang.<\/p>\n<p>Painting will be shipped within 1 week after receiving the payment.<\/p>\n<p><em>Paintings are photographed to represent the colors accurately, however, slight variations may occur.<\/em><\/p>","protected":false},"excerpt":{"rendered":"<p>80 x 60 x 2 cm (including frame 83 x 63 x 3.2 cm)<\/p>\n<p>Origin\u00e1ln\u00ed abstraktn\u00ed malba, mixed media na pl\u00e1tn\u011b.<\/p>\n<p>V\u00fdrazn\u011b strukturovan\u00fd obraz v p\u0159\u00edrodn\u00edch t\u00f3nech. \u201eStone Whispers\u201c p\u0159in\u00e1\u0161\u00ed teplo, hloubku a organickou harmonii \u2013 jako dotyk p\u0159\u00edrody u v\u00e1s doma. Skv\u011ble dopln\u00ed klidn\u00e9, p\u0159\u00edrodn\u00ed nebo minimalistick\u00e9 interi\u00e9ry.<\/p>","protected":false},"featured_media":4673,"template":"","meta":[],"product_brand":[],"product_cat":[88],"product_tag":[],"class_list":{"0":"post-4681","1":"product","2":"type-product","3":"status-publish","4":"has-post-thumbnail","6":"product_cat-obrazy-na-platne","7":"product_shipping_class-velke-obrazy-na-platne","9":"first","10":"instock","11":"shipping-taxable","12":"purchasable","13":"product-type-simple"},"_links":{"self":[{"href":"https:\/\/michaelamiart.com\/en\/wp-json\/wp\/v2\/product\/4681","targetHints":{"allow":["GET"]}}],"collection":[{"href":"https:\/\/michaelamiart.com\/en\/wp-json\/wp\/v2\/product"}],"about":[{"href":"https:\/\/michaelamiart.com\/en\/wp-json\/wp\/v2\/types\/product"}],"wp:featuredmedia":[{"embeddable":true,"href":"https:\/\/michaelamiart.com\/en\/wp-json\/wp\/v2\/media\/4673"}],"wp:attachment":[{"href":"https:\/\/michaelamiart.com\/en\/wp-json\/wp\/v2\/media?parent=4681"}],"wp:term":[{"taxonomy":"product_brand","embeddable":true,"href":"https:\/\/michaelamiart.com\/en\/wp-json\/wp\/v2\/product_brand?post=4681"},{"taxonomy":"product_cat","embeddable":true,"href":"https:\/\/michaelamiart.com\/en\/wp-json\/wp\/v2\/product_cat?post=4681"},{"taxonomy":"product_tag","embeddable":true,"href":"https:\/\/michaelamiart.com\/en\/wp-json\/wp\/v2\/product_tag?post=4681"}],"curies":[{"name":"wp","href":"https:\/\/api.w.org\/{rel}","templated":true}]}}